{"id":114,"date":"2022-06-24T17:30:36","date_gmt":"2022-06-24T15:30:36","guid":{"rendered":"https:\/\/hotelmariacristina.ms.decms.eu\/?page_id=114"},"modified":"2022-06-27T16:37:14","modified_gmt":"2022-06-27T14:37:14","slug":"restaurant-me-va","status":"publish","type":"page","link":"https:\/\/www.hotelmcristina.com\/en\/buffet-and-a-la-carte-restaurants\/restaurant-me-va\/","title":{"rendered":"Restaurant Me V\u00e0"},"content":{"rendered":"<p>Restaurant &#8220;Me V\u00e1&#8221; is located on the terrace of the hotel. It is designed to receive those guests who wish to eat \u00e0 la carte. True to our roots, we continue to offer traditional Valencian cuisine with innovative and personal touches. We offer you different menu alternatives and a la carte choices. We carry out all kinds of events throughout the year. Enjoy the force of the sea, the breeze, the views of the Papa Luna Castle that make Pe\u00f1iscola an irresistible city to enjoy all year round.<\/p>\n","protected":false},"excerpt":{"rendered":"<p>Restaurant &#8220;Me V\u00e1&#8221; is located on the terrace of the hotel. It is designed to receive those guests who wish to eat \u00e0 la carte. True to our roots, we continue to offer traditional Valencian cuisine with innovative and personal touches. We offer you different menu alternatives and a la carte choices. We carry out [&hellip;]<\/p>\n","protected":false},"author":13,"featured_media":0,"parent":112,"menu_order":10,"comment_status":"closed","ping_status":"closed","template":"template-restaurant.php","meta":{"footnotes":""},"class_list":["post-114","page","type-page","status-publish","hentry"],"yoast_head":"<!-- This site is optimized with the Yoast SEO plugin v26.9 - https:\/\/yoast.com\/product\/yoast-seo-wordpress\/ -->\n<title>Restaurant Me V\u00e0 - Hotel Maria Cristina<\/title>\n<meta name=\"robots\" content=\"index, follow, max-snippet:-1, max-image-preview:large, max-video-preview:-1\" \/>\n<link rel=\"canonical\" href=\"https:\/\/www.hotelmcristina.com\/en\/buffet-and-a-la-carte-restaurants\/restaurant-me-va\/\" \/>\n<meta property=\"og:locale\" content=\"en_US\" \/>\n<meta property=\"og:type\" content=\"article\" \/>\n<meta property=\"og:title\" content=\"Restaurant Me V\u00e0 - Hotel Maria Cristina\" \/>\n<meta property=\"og:description\" content=\"Restaurant &#8220;Me V\u00e1&#8221; is located on the terrace of the hotel. It is designed to receive those guests who wish to eat \u00e0 la carte. True to our roots, we continue to offer traditional Valencian cuisine with innovative and personal touches. We offer you different menu alternatives and a la carte choices. We carry out [&hellip;]\" \/>\n<meta property=\"og:url\" content=\"https:\/\/www.hotelmcristina.com\/en\/buffet-and-a-la-carte-restaurants\/restaurant-me-va\/\" \/>\n<meta property=\"og:site_name\" content=\"Hotel Maria Cristina\" \/>\n<meta property=\"article:modified_time\" content=\"2022-06-27T14:37:14+00:00\" \/>\n<meta name=\"twitter:card\" content=\"summary_large_image\" \/>\n<script type=\"application\/ld+json\" class=\"yoast-schema-graph\">{\"@context\":\"https:\/\/schema.org\",\"@graph\":[{\"@type\":\"WebPage\",\"@id\":\"https:\/\/www.hotelmcristina.com\/en\/buffet-and-a-la-carte-restaurants\/restaurant-me-va\/\",\"url\":\"https:\/\/www.hotelmcristina.com\/en\/buffet-and-a-la-carte-restaurants\/restaurant-me-va\/\",\"name\":\"Restaurant Me V\u00e0 - Hotel Maria Cristina\",\"isPartOf\":{\"@id\":\"https:\/\/www.hotelmcristina.com\/en\/#website\"},\"datePublished\":\"2022-06-24T15:30:36+00:00\",\"dateModified\":\"2022-06-27T14:37:14+00:00\",\"breadcrumb\":{\"@id\":\"https:\/\/www.hotelmcristina.com\/en\/buffet-and-a-la-carte-restaurants\/restaurant-me-va\/#breadcrumb\"},\"inLanguage\":\"en-US\",\"potentialAction\":[{\"@type\":\"ReadAction\",\"target\":[\"https:\/\/www.hotelmcristina.com\/en\/buffet-and-a-la-carte-restaurants\/restaurant-me-va\/\"]}]},{\"@type\":\"BreadcrumbList\",\"@id\":\"https:\/\/www.hotelmcristina.com\/en\/buffet-and-a-la-carte-restaurants\/restaurant-me-va\/#breadcrumb\",\"itemListElement\":[{\"@type\":\"ListItem\",\"position\":1,\"name\":\"Home\",\"item\":\"https:\/\/www.hotelmcristina.com\/en\/\"},{\"@type\":\"ListItem\",\"position\":2,\"name\":\"Buffet and a la carte restaurants\",\"item\":\"https:\/\/www.hotelmcristina.com\/en\/buffet-and-a-la-carte-restaurants\/\"},{\"@type\":\"ListItem\",\"position\":3,\"name\":\"Restaurant Me V\u00e0\"}]},{\"@type\":\"WebSite\",\"@id\":\"https:\/\/www.hotelmcristina.com\/en\/#website\",\"url\":\"https:\/\/www.hotelmcristina.com\/en\/\",\"name\":\"Hotel Maria Cristina\",\"description\":\"Ecco un altro sito ms.decms.eu\",\"potentialAction\":[{\"@type\":\"SearchAction\",\"target\":{\"@type\":\"EntryPoint\",\"urlTemplate\":\"https:\/\/www.hotelmcristina.com\/en\/?s={search_term_string}\"},\"query-input\":{\"@type\":\"PropertyValueSpecification\",\"valueRequired\":true,\"valueName\":\"search_term_string\"}}],\"inLanguage\":\"en-US\"}]}<\/script>\n<!-- \/ Yoast SEO plugin. -->","yoast_head_json":{"title":"Restaurant Me V\u00e0 - Hotel Maria Cristina","robots":{"index":"index","follow":"follow","max-snippet":"max-snippet:-1","max-image-preview":"max-image-preview:large","max-video-preview":"max-video-preview:-1"},"canonical":"https:\/\/www.hotelmcristina.com\/en\/buffet-and-a-la-carte-restaurants\/restaurant-me-va\/","og_locale":"en_US","og_type":"article","og_title":"Restaurant Me V\u00e0 - Hotel Maria Cristina","og_description":"Restaurant &#8220;Me V\u00e1&#8221; is located on the terrace of the hotel. It is designed to receive those guests who wish to eat \u00e0 la carte. True to our roots, we continue to offer traditional Valencian cuisine with innovative and personal touches. We offer you different menu alternatives and a la carte choices. We carry out [&hellip;]","og_url":"https:\/\/www.hotelmcristina.com\/en\/buffet-and-a-la-carte-restaurants\/restaurant-me-va\/","og_site_name":"Hotel Maria Cristina","article_modified_time":"2022-06-27T14:37:14+00:00","twitter_card":"summary_large_image","schema":{"@context":"https:\/\/schema.org","@graph":[{"@type":"WebPage","@id":"https:\/\/www.hotelmcristina.com\/en\/buffet-and-a-la-carte-restaurants\/restaurant-me-va\/","url":"https:\/\/www.hotelmcristina.com\/en\/buffet-and-a-la-carte-restaurants\/restaurant-me-va\/","name":"Restaurant Me V\u00e0 - Hotel Maria Cristina","isPartOf":{"@id":"https:\/\/www.hotelmcristina.com\/en\/#website"},"datePublished":"2022-06-24T15:30:36+00:00","dateModified":"2022-06-27T14:37:14+00:00","breadcrumb":{"@id":"https:\/\/www.hotelmcristina.com\/en\/buffet-and-a-la-carte-restaurants\/restaurant-me-va\/#breadcrumb"},"inLanguage":"en-US","potentialAction":[{"@type":"ReadAction","target":["https:\/\/www.hotelmcristina.com\/en\/buffet-and-a-la-carte-restaurants\/restaurant-me-va\/"]}]},{"@type":"BreadcrumbList","@id":"https:\/\/www.hotelmcristina.com\/en\/buffet-and-a-la-carte-restaurants\/restaurant-me-va\/#breadcrumb","itemListElement":[{"@type":"ListItem","position":1,"name":"Home","item":"https:\/\/www.hotelmcristina.com\/en\/"},{"@type":"ListItem","position":2,"name":"Buffet and a la carte restaurants","item":"https:\/\/www.hotelmcristina.com\/en\/buffet-and-a-la-carte-restaurants\/"},{"@type":"ListItem","position":3,"name":"Restaurant Me V\u00e0"}]},{"@type":"WebSite","@id":"https:\/\/www.hotelmcristina.com\/en\/#website","url":"https:\/\/www.hotelmcristina.com\/en\/","name":"Hotel Maria Cristina","description":"Ecco un altro sito ms.decms.eu","potentialAction":[{"@type":"SearchAction","target":{"@type":"EntryPoint","urlTemplate":"https:\/\/www.hotelmcristina.com\/en\/?s={search_term_string}"},"query-input":{"@type":"PropertyValueSpecification","valueRequired":true,"valueName":"search_term_string"}}],"inLanguage":"en-US"}]}},"acf":[],"_links":{"self":[{"href":"https:\/\/www.hotelmcristina.com\/en\/wp-json\/wp\/v2\/pages\/114","targetHints":{"allow":["GET"]}}],"collection":[{"href":"https:\/\/www.hotelmcristina.com\/en\/wp-json\/wp\/v2\/pages"}],"about":[{"href":"https:\/\/www.hotelmcristina.com\/en\/wp-json\/wp\/v2\/types\/page"}],"author":[{"embeddable":true,"href":"https:\/\/www.hotelmcristina.com\/en\/wp-json\/wp\/v2\/users\/13"}],"replies":[{"embeddable":true,"href":"https:\/\/www.hotelmcristina.com\/en\/wp-json\/wp\/v2\/comments?post=114"}],"version-history":[{"count":0,"href":"https:\/\/www.hotelmcristina.com\/en\/wp-json\/wp\/v2\/pages\/114\/revisions"}],"up":[{"embeddable":true,"href":"https:\/\/www.hotelmcristina.com\/en\/wp-json\/wp\/v2\/pages\/112"}],"wp:attachment":[{"href":"https:\/\/www.hotelmcristina.com\/en\/wp-json\/wp\/v2\/media?parent=114"}],"curies":[{"name":"wp","href":"https:\/\/api.w.org\/{rel}","templated":true}]}}